{"id":22,"date":"2023-02-22T15:28:50","date_gmt":"2023-02-22T18:28:50","guid":{"rendered":"https:\/\/wp.splashpiscinas.com\/sorriso\/?page_id=22"},"modified":"2023-02-27T11:31:53","modified_gmt":"2023-02-27T14:31:53","slug":"home","status":"publish","type":"page","link":"https:\/\/wp.splashpiscinas.com\/sorriso\/home\/","title":{"rendered":"Home"},"content":{"rendered":"<p><img decoding=\"async\" width=\"800\" height=\"398\" src=\"https:\/\/lp.splashpiscinas.com\/assets\/uploads\/sites\/250\/2023\/02\/LOGOS-03-1024x509.png\" alt=\"\" loading=\"lazy\"><\/p>\n<p>REALIZE SEU SONHO COM AS PISCINAS&nbsp;<\/p>\n<p><strong>SPLASH<\/strong>!<\/p>\n<p><a href=\"#\" role=\"button\"><br \/>\nAPROVEITE AS OFERTAS!<br \/>\n<\/a><\/p>\n<h6>POR QUE SPLASH PISCINAS?<\/h6>\n<h2>Somos l\u00edder global na fabrica\u00e7\u00e3o de piscinas em Fibra de Vidro.<\/h2>\n<h4>\u00d3timo Custo-Benef\u00edcio<\/h4>\n<p>Lorem ipsum dolor sit amet, consectetur adipiscing elit. Ut elit tellus, luctus nec ullamcorper mattis, pulvinar dapibus leo.<\/p>\n<h4>Empresa Certificada<\/h4>\n<p>Lorem ipsum dolor sit amet, consectetur adipiscing elit. Ut elit tellus, luctus nec ullamcorper mattis, pulvinar dapibus leo.<\/p>\n<h4>T\u00e9cnicos Credenciados<\/h4>\n<p>Lorem ipsum dolor sit amet, consectetur adipiscing elit. Ut elit tellus, luctus nec ullamcorper mattis, pulvinar dapibus leo.<\/p>\n<h4>Melhor Qualidade<\/h4>\n<p>Lorem ipsum dolor sit amet, consectetur adipiscing elit. Ut elit tellus, luctus nec ullamcorper mattis, pulvinar dapibus leo.<\/p>\n<h4>Design Moderno<\/h4>\n<p>Lorem ipsum dolor sit amet, consectetur adipiscing elit. Ut elit tellus, luctus nec ullamcorper mattis, pulvinar dapibus leo.<\/p>\n<h3>Aproveite nossa temporada de ofertas!<\/h3>\n<p><a href=\"#\" role=\"button\"><br \/>\nChamar no WhatsApp<br \/>\n<\/a><\/p>\n<h3>\n\t\t\t\t\tConhe\u00e7a nossas<br \/>\nPISCINAS<\/h3>\n<h2>ITALIANA<\/h2>\n<h3>TRADICIONAL<\/h3>\n<h3>TROPICAL<\/h3>\n<h3>FAROL DA BARRA<\/h3>\n<h2>Toda linha de Produtos e Acess\u00f3rios que voc\u00ea precisa<\/h2>\n<ul>\n<li>\n\t\t\t\t\t\t\t\t\t\tFiltros Dry Pump<\/li>\n<li>\n\t\t\t\t\t\t\t\t\t\tAspiradores<\/li>\n<\/ul>\n<ul>\n<li>\n\t\t\t\t\t\t\t\t\t\tAquecedores<\/li>\n<li>\n\t\t\t\t\t\t\t\t\t\tCascatas<\/li>\n<\/ul>\n<ul>\n<li>\n\t\t\t\t\t\t\t\t\t\tIlumina\u00e7\u00e3o<\/li>\n<li>\n\t\t\t\t\t\t\t\t\t\tDivers\u00e3o<\/li>\n<\/ul>\n<ul>\n<li>\n\t\t\t\t\t\t\t\t\t\tTratamento<\/li>\n<li>\n\t\t\t\t\t\t\t\t\t\tM\u00f3veis<\/li>\n<\/ul>\n<p><img decoding=\"async\" width=\"750\" height=\"750\" src=\"https:\/\/lp.splashpiscinas.com\/assets\/uploads\/sites\/250\/2023\/02\/dry-pump.png\" alt=\"\" loading=\"lazy\"><br \/>\n<img decoding=\"async\" width=\"750\" height=\"750\" src=\"https:\/\/lp.splashpiscinas.com\/assets\/uploads\/sites\/250\/2023\/02\/igui_lux_float02-1-1.jpeg\" alt=\"\" loading=\"lazy\"><br \/>\n<img decoding=\"async\" width=\"750\" height=\"750\" src=\"https:\/\/lp.splashpiscinas.com\/assets\/uploads\/sites\/250\/2023\/02\/oxi-estojo-de-teste-liquido-2-1.png\" alt=\"\" loading=\"lazy\"><br \/>\n<img decoding=\"async\" width=\"750\" height=\"750\" src=\"https:\/\/lp.splashpiscinas.com\/assets\/uploads\/sites\/250\/2023\/02\/cascata.png\" alt=\"\" loading=\"lazy\"><\/p>\n<h3>\n\t\t\t\t\tAproveite nossas<br \/>\nOfertas!<\/h3>\n<p><img decoding=\"async\" width=\"750\" height=\"750\" src=\"https:\/\/lp.splashpiscinas.com\/assets\/uploads\/sites\/250\/2023\/02\/slider_Promocao-Splash-Tradicional-com-SPA-6m-30-08-mobile.png\" alt=\"\" loading=\"lazy\"><\/p>\n<h3>Oferta v\u00e1lida somente para este m\u00eas<\/h3>\n<p><a href=\"#\" role=\"button\"><br \/>\nChamar no WhatsApp<br \/>\n<\/a><\/p>\n<h5>CLIENTES SATISFEITOS<\/h5>\n<h2>O que nossos clientes dizem<\/h2>\n<p>Lorem ipsum dolor sit amet, consectetur adipiscing elit. Ut elit tellus, luctus nec ullamcorper mattis, pulvinar dapibus leo.<br \/>\n<img decoding=\"async\" src=\"https:\/\/lp.splashpiscinas.com\/assets\/uploads\/sites\/250\/2023\/02\/placeholder.png\" alt=\"John Doe\"><br \/>\n<cite>John DoeCEO<\/cite><br \/>\nLorem ipsum dolor sit amet, consectetur adipiscing elit. Ut elit tellus, luctus nec ullamcorper mattis, pulvinar dapibus leo.<br \/>\n<img decoding=\"async\" src=\"https:\/\/lp.splashpiscinas.com\/assets\/uploads\/sites\/250\/2023\/02\/placeholder-1.png\" alt=\"John Doe\"><br \/>\n<cite>John DoeCEO<\/cite><br \/>\nLorem ipsum dolor sit amet, consectetur adipiscing elit. Ut elit tellus, luctus nec ullamcorper mattis, pulvinar dapibus leo.<br \/>\n<img decoding=\"async\" src=\"https:\/\/lp.splashpiscinas.com\/assets\/uploads\/sites\/250\/2023\/02\/placeholder-2.png\" alt=\"John Doe\"><br \/>\n<cite>John DoeCEO<\/cite><br \/>\nPrevious<br \/>\nNext<\/p>\n<h5>NOSSOS CONTATOS<\/h5>\n<h2>Estamos presentes em diversas redes<\/h2>\n<p><img decoding=\"async\" width=\"800\" height=\"753\" src=\"https:\/\/lp.splashpiscinas.com\/assets\/uploads\/sites\/250\/2023\/02\/facil-ser-feliz-1024x964.png\" alt=\"\" loading=\"lazy\"><\/p>\n<h6>Telefone<\/h6>\n<h3>+55 (00) 0000-0000<\/h3>\n<h3>+55 (00) 0000-0000<\/h3>\n<h6>Segunda a Sexta-feira<\/h6>\n<h3>08:00 &#8211; 18:00<\/h3>\n<h6>S\u00e1bados<\/h6>\n<h3>08:00 &#8211; 18:00<\/h3>\n<h6>Endere\u00e7o<\/h6>\n<h3>Rua Fel\u00edcio Botino, 237.<br \/>\nCedral &#8211; SP, 15895-000<\/h3>\n<h6>Copyright \u00a9 2022 iGUi WORLDWIDE. Todos os direitos reservados.<\/h6>\n","protected":false},"excerpt":{"rendered":"<p>REALIZE SEU SONHO COM AS PISCINAS&nbsp; SPLASH! APROVEITE AS OFERTAS! POR QUE SPLASH PISCINAS? Somos l\u00edder global na fabrica\u00e7\u00e3o de piscinas em Fibra de Vidro. \u00d3timo Custo-Benef\u00edcio Lorem ipsum dolor sit amet, consectetur adipiscing elit. Ut elit tellus, luctus nec ullamcorper mattis, pulvinar dapibus leo. Empresa Certificada Lorem ipsum dolor sit amet, consectetur adipiscing elit. [&hellip;]<\/p>\n","protected":false},"author":6,"featured_media":0,"parent":0,"menu_order":0,"comment_status":"closed","ping_status":"closed","template":"elementor_canvas","meta":[],"yoast_head":"<!-- This site is optimized with the Yoast SEO Premium plugin v20.4 (Yoast SEO v20.4) - https:\/\/yoast.com\/wordpress\/plugins\/seo\/ -->\n<title>Home &lt; Splash Sorriso<\/title>\n<meta name=\"robots\" content=\"index, follow, max-snippet:-1, max-image-preview:large, max-video-preview:-1\" \/>\n<link rel=\"canonical\" href=\"https:\/\/wp.splashpiscinas.com\/sorriso\/home\/\" \/>\n<meta property=\"og:locale\" content=\"pt_BR\" \/>\n<meta property=\"og:type\" content=\"article\" \/>\n<meta property=\"og:title\" content=\"Home\" \/>\n<meta property=\"og:description\" content=\"REALIZE SEU SONHO COM AS PISCINAS&nbsp; SPLASH! APROVEITE AS OFERTAS! POR QUE SPLASH PISCINAS? Somos l\u00edder global na fabrica\u00e7\u00e3o de piscinas em Fibra de Vidro. \u00d3timo Custo-Benef\u00edcio Lorem ipsum dolor sit amet, consectetur adipiscing elit. Ut elit tellus, luctus nec ullamcorper mattis, pulvinar dapibus leo. Empresa Certificada Lorem ipsum dolor sit amet, consectetur adipiscing elit. [&hellip;]\" \/>\n<meta property=\"og:url\" content=\"https:\/\/wp.splashpiscinas.com\/sorriso\/home\/\" \/>\n<meta property=\"og:site_name\" content=\"Splash Sorriso\" \/>\n<meta property=\"article:publisher\" content=\"https:\/\/www.facebook.com\/splashsorriso\" \/>\n<meta property=\"article:modified_time\" content=\"2023-02-27T14:31:53+00:00\" \/>\n<meta property=\"og:image\" content=\"https:\/\/lp.splashpiscinas.com\/assets\/uploads\/sites\/250\/2023\/02\/LOGOS-03-1024x509.png\" \/>\n<meta name=\"twitter:card\" content=\"summary_large_image\" \/>\n<meta name=\"twitter:label1\" content=\"Est. tempo de leitura\" \/>\n\t<meta name=\"twitter:data1\" content=\"4 minutos\" \/>\n<script type=\"application\/ld+json\" class=\"yoast-schema-graph\">{\"@context\":\"https:\/\/schema.org\",\"@graph\":[{\"@type\":\"WebPage\",\"@id\":\"https:\/\/wp.splashpiscinas.com\/sorriso\/home\/\",\"url\":\"https:\/\/wp.splashpiscinas.com\/sorriso\/home\/\",\"name\":\"Home &lt; Splash Sorriso\",\"isPartOf\":{\"@id\":\"https:\/\/wp.splashpiscinas.com\/sorriso\/#website\"},\"datePublished\":\"2023-02-22T18:28:50+00:00\",\"dateModified\":\"2023-02-27T14:31:53+00:00\",\"breadcrumb\":{\"@id\":\"https:\/\/wp.splashpiscinas.com\/sorriso\/home\/#breadcrumb\"},\"inLanguage\":\"pt-BR\",\"potentialAction\":[{\"@type\":\"ReadAction\",\"target\":[\"https:\/\/wp.splashpiscinas.com\/sorriso\/home\/\"]}]},{\"@type\":\"BreadcrumbList\",\"@id\":\"https:\/\/wp.splashpiscinas.com\/sorriso\/home\/#breadcrumb\",\"itemListElement\":[{\"@type\":\"ListItem\",\"position\":1,\"name\":\"In\u00edcio\",\"item\":\"https:\/\/wp.splashpiscinas.com\/sorriso\/\"},{\"@type\":\"ListItem\",\"position\":2,\"name\":\"Home\"}]},{\"@type\":\"WebSite\",\"@id\":\"https:\/\/wp.splashpiscinas.com\/sorriso\/#website\",\"url\":\"https:\/\/wp.splashpiscinas.com\/sorriso\/\",\"name\":\"Splash Sorriso\",\"description\":\"\",\"publisher\":{\"@id\":\"https:\/\/wp.splashpiscinas.com\/sorriso\/#organization\"},\"potentialAction\":[{\"@type\":\"SearchAction\",\"target\":{\"@type\":\"EntryPoint\",\"urlTemplate\":\"https:\/\/wp.splashpiscinas.com\/sorriso\/?s={search_term_string}\"},\"query-input\":\"required name=search_term_string\"}],\"inLanguage\":\"pt-BR\"},{\"@type\":[\"Organization\",\"Place\"],\"@id\":\"https:\/\/wp.splashpiscinas.com\/sorriso\/#organization\",\"name\":\"Splash Sorriso\",\"url\":\"https:\/\/wp.splashpiscinas.com\/sorriso\/\",\"logo\":{\"@id\":\"https:\/\/wp.splashpiscinas.com\/sorriso\/home\/#local-main-organization-logo\"},\"image\":{\"@id\":\"https:\/\/wp.splashpiscinas.com\/sorriso\/home\/#local-main-organization-logo\"},\"sameAs\":[\"https:\/\/www.facebook.com\/splashsorriso\"],\"openingHoursSpecification\":[{\"@type\":\"OpeningHoursSpecification\",\"dayOfWeek\":[\"Sunday\",\"Monday\",\"Tuesday\",\"Wednesday\",\"Thursday\",\"Friday\",\"Saturday\"],\"opens\":\"09:00\",\"closes\":\"17:00\"}]},{\"@type\":\"ImageObject\",\"inLanguage\":\"pt-BR\",\"@id\":\"https:\/\/wp.splashpiscinas.com\/sorriso\/home\/#local-main-organization-logo\",\"url\":\"https:\/\/lp.splashpiscinas.com\/assets\/uploads\/sites\/250\/2023\/02\/LOGOS-03.png\",\"contentUrl\":\"https:\/\/lp.splashpiscinas.com\/assets\/uploads\/sites\/250\/2023\/02\/LOGOS-03.png\",\"width\":2832,\"height\":1409,\"caption\":\"Splash Sorriso\"}]}<\/script>\n<!-- \/ Yoast SEO Premium plugin. -->","yoast_head_json":{"title":"Home &lt; Splash Sorriso","robots":{"index":"index","follow":"follow","max-snippet":"max-snippet:-1","max-image-preview":"max-image-preview:large","max-video-preview":"max-video-preview:-1"},"canonical":"https:\/\/wp.splashpiscinas.com\/sorriso\/home\/","og_locale":"pt_BR","og_type":"article","og_title":"Home","og_description":"REALIZE SEU SONHO COM AS PISCINAS&nbsp; SPLASH! APROVEITE AS OFERTAS! POR QUE SPLASH PISCINAS? Somos l\u00edder global na fabrica\u00e7\u00e3o de piscinas em Fibra de Vidro. \u00d3timo Custo-Benef\u00edcio Lorem ipsum dolor sit amet, consectetur adipiscing elit. Ut elit tellus, luctus nec ullamcorper mattis, pulvinar dapibus leo. Empresa Certificada Lorem ipsum dolor sit amet, consectetur adipiscing elit. [&hellip;]","og_url":"https:\/\/wp.splashpiscinas.com\/sorriso\/home\/","og_site_name":"Splash Sorriso","article_publisher":"https:\/\/www.facebook.com\/splashsorriso","article_modified_time":"2023-02-27T14:31:53+00:00","og_image":[{"url":"https:\/\/lp.splashpiscinas.com\/assets\/uploads\/sites\/250\/2023\/02\/LOGOS-03-1024x509.png"}],"twitter_card":"summary_large_image","twitter_misc":{"Est. tempo de leitura":"4 minutos"},"schema":{"@context":"https:\/\/schema.org","@graph":[{"@type":"WebPage","@id":"https:\/\/wp.splashpiscinas.com\/sorriso\/home\/","url":"https:\/\/wp.splashpiscinas.com\/sorriso\/home\/","name":"Home &lt; Splash Sorriso","isPartOf":{"@id":"https:\/\/wp.splashpiscinas.com\/sorriso\/#website"},"datePublished":"2023-02-22T18:28:50+00:00","dateModified":"2023-02-27T14:31:53+00:00","breadcrumb":{"@id":"https:\/\/wp.splashpiscinas.com\/sorriso\/home\/#breadcrumb"},"inLanguage":"pt-BR","potentialAction":[{"@type":"ReadAction","target":["https:\/\/wp.splashpiscinas.com\/sorriso\/home\/"]}]},{"@type":"BreadcrumbList","@id":"https:\/\/wp.splashpiscinas.com\/sorriso\/home\/#breadcrumb","itemListElement":[{"@type":"ListItem","position":1,"name":"In\u00edcio","item":"https:\/\/wp.splashpiscinas.com\/sorriso\/"},{"@type":"ListItem","position":2,"name":"Home"}]},{"@type":"WebSite","@id":"https:\/\/wp.splashpiscinas.com\/sorriso\/#website","url":"https:\/\/wp.splashpiscinas.com\/sorriso\/","name":"Splash Sorriso","description":"","publisher":{"@id":"https:\/\/wp.splashpiscinas.com\/sorriso\/#organization"},"potentialAction":[{"@type":"SearchAction","target":{"@type":"EntryPoint","urlTemplate":"https:\/\/wp.splashpiscinas.com\/sorriso\/?s={search_term_string}"},"query-input":"required name=search_term_string"}],"inLanguage":"pt-BR"},{"@type":["Organization","Place"],"@id":"https:\/\/wp.splashpiscinas.com\/sorriso\/#organization","name":"Splash Sorriso","url":"https:\/\/wp.splashpiscinas.com\/sorriso\/","logo":{"@id":"https:\/\/wp.splashpiscinas.com\/sorriso\/home\/#local-main-organization-logo"},"image":{"@id":"https:\/\/wp.splashpiscinas.com\/sorriso\/home\/#local-main-organization-logo"},"sameAs":["https:\/\/www.facebook.com\/splashsorriso"],"openingHoursSpecification":[{"@type":"OpeningHoursSpecification","dayOfWeek":["Sunday","Monday","Tuesday","Wednesday","Thursday","Friday","Saturday"],"opens":"09:00","closes":"17:00"}]},{"@type":"ImageObject","inLanguage":"pt-BR","@id":"https:\/\/wp.splashpiscinas.com\/sorriso\/home\/#local-main-organization-logo","url":"https:\/\/lp.splashpiscinas.com\/assets\/uploads\/sites\/250\/2023\/02\/LOGOS-03.png","contentUrl":"https:\/\/lp.splashpiscinas.com\/assets\/uploads\/sites\/250\/2023\/02\/LOGOS-03.png","width":2832,"height":1409,"caption":"Splash Sorriso"}]}},"_links":{"self":[{"href":"https:\/\/wp.splashpiscinas.com\/sorriso\/wp-json\/wp\/v2\/pages\/22"}],"collection":[{"href":"https:\/\/wp.splashpiscinas.com\/sorriso\/wp-json\/wp\/v2\/pages"}],"about":[{"href":"https:\/\/wp.splashpiscinas.com\/sorriso\/wp-json\/wp\/v2\/types\/page"}],"author":[{"embeddable":true,"href":"https:\/\/wp.splashpiscinas.com\/sorriso\/wp-json\/wp\/v2\/users\/6"}],"replies":[{"embeddable":true,"href":"https:\/\/wp.splashpiscinas.com\/sorriso\/wp-json\/wp\/v2\/comments?post=22"}],"version-history":[{"count":7,"href":"https:\/\/wp.splashpiscinas.com\/sorriso\/wp-json\/wp\/v2\/pages\/22\/revisions"}],"predecessor-version":[{"id":59,"href":"https:\/\/wp.splashpiscinas.com\/sorriso\/wp-json\/wp\/v2\/pages\/22\/revisions\/59"}],"wp:attachment":[{"href":"https:\/\/wp.splashpiscinas.com\/sorriso\/wp-json\/wp\/v2\/media?parent=22"}],"curies":[{"name":"wp","href":"https:\/\/api.w.org\/{rel}","templated":true}]}}