{"id":2394,"date":"2022-11-24T08:27:20","date_gmt":"2022-11-24T11:27:20","guid":{"rendered":"https:\/\/wp.splashpiscinas.com\/demo-elementor\/?page_id=2394"},"modified":"2023-05-14T09:38:04","modified_gmt":"2023-05-14T12:38:04","slug":"exemplo10","status":"publish","type":"page","link":"https:\/\/wp.splashpiscinas.com\/demo-elementor\/exemplo10\/","title":{"rendered":"Exemplo 10"},"content":{"rendered":"\t\t<div data-elementor-type=\"wp-page\" data-elementor-id=\"2394\" class=\"elementor elementor-2394\">\n\t\t\t\t\t\t\t<div class=\"elementor-element elementor-element-1dd374d e-con-boxed e-con\" data-id=\"1dd374d\" data-element_type=\"container\" data-settings=\"{&quot;content_width&quot;:&quot;boxed&quot;}\">\n\t\t\t\t\t<div class=\"e-con-inner\">\n\t\t\t\t\t<\/div>\n\t\t\t\t<\/div>\n\t\t\t\t\t\t\t<\/div>\n\t\t","protected":false},"excerpt":{"rendered":"","protected":false},"author":587,"featured_media":0,"parent":0,"menu_order":0,"comment_status":"closed","ping_status":"closed","template":"","meta":[],"yoast_head":"<!-- This site is optimized with the Yoast SEO Premium plugin v20.4 (Yoast SEO v20.4) - https:\/\/yoast.com\/wordpress\/plugins\/seo\/ -->\n<title>Exemplo 10 - Demonstra\u00e7\u00e3o Elementor<\/title>\n<meta name=\"robots\" content=\"index, follow, max-snippet:-1, max-image-preview:large, max-video-preview:-1\" \/>\n<link rel=\"canonical\" href=\"https:\/\/wp.splashpiscinas.com\/demo-elementor\/exemplo10\/\" \/>\n<meta property=\"og:locale\" content=\"pt_BR\" \/>\n<meta property=\"og:type\" content=\"article\" \/>\n<meta property=\"og:title\" content=\"Exemplo 10\" \/>\n<meta property=\"og:url\" content=\"https:\/\/wp.splashpiscinas.com\/demo-elementor\/exemplo10\/\" \/>\n<meta property=\"og:site_name\" content=\"Demonstra\u00e7\u00e3o Elementor\" \/>\n<meta property=\"article:modified_time\" content=\"2023-05-14T12:38:04+00:00\" \/>\n<meta name=\"twitter:card\" content=\"summary_large_image\" \/>\n<script type=\"application\/ld+json\" class=\"yoast-schema-graph\">{\"@context\":\"https:\/\/schema.org\",\"@graph\":[{\"@type\":\"WebPage\",\"@id\":\"https:\/\/wp.splashpiscinas.com\/demo-elementor\/exemplo10\/\",\"url\":\"https:\/\/wp.splashpiscinas.com\/demo-elementor\/exemplo10\/\",\"name\":\"Exemplo 10 - Demonstra\u00e7\u00e3o Elementor\",\"isPartOf\":{\"@id\":\"https:\/\/wp.splashpiscinas.com\/demo-elementor\/#website\"},\"datePublished\":\"2022-11-24T11:27:20+00:00\",\"dateModified\":\"2023-05-14T12:38:04+00:00\",\"breadcrumb\":{\"@id\":\"https:\/\/wp.splashpiscinas.com\/demo-elementor\/exemplo10\/#breadcrumb\"},\"inLanguage\":\"pt-BR\",\"potentialAction\":[{\"@type\":\"ReadAction\",\"target\":[\"https:\/\/wp.splashpiscinas.com\/demo-elementor\/exemplo10\/\"]}]},{\"@type\":\"BreadcrumbList\",\"@id\":\"https:\/\/wp.splashpiscinas.com\/demo-elementor\/exemplo10\/#breadcrumb\",\"itemListElement\":[{\"@type\":\"ListItem\",\"position\":1,\"name\":\"In\u00edcio\",\"item\":\"https:\/\/wp.splashpiscinas.com\/demo-elementor\/\"},{\"@type\":\"ListItem\",\"position\":2,\"name\":\"Exemplo 10\"}]},{\"@type\":\"WebSite\",\"@id\":\"https:\/\/wp.splashpiscinas.com\/demo-elementor\/#website\",\"url\":\"https:\/\/wp.splashpiscinas.com\/demo-elementor\/\",\"name\":\"Demonstra\u00e7\u00e3o Elementor\",\"description\":\"S\u00f3 mais um site Splash Piscinas LPs Sites\",\"publisher\":{\"@id\":\"https:\/\/wp.splashpiscinas.com\/demo-elementor\/#organization\"},\"potentialAction\":[{\"@type\":\"SearchAction\",\"target\":{\"@type\":\"EntryPoint\",\"urlTemplate\":\"https:\/\/wp.splashpiscinas.com\/demo-elementor\/?s={search_term_string}\"},\"query-input\":\"required name=search_term_string\"}],\"inLanguage\":\"pt-BR\"},{\"@type\":[\"Organization\",\"Place\"],\"@id\":\"https:\/\/wp.splashpiscinas.com\/demo-elementor\/#organization\",\"name\":\"Demonstra\u00e7\u00e3o Elementor\",\"url\":\"https:\/\/wp.splashpiscinas.com\/demo-elementor\/\",\"logo\":{\"@id\":\"https:\/\/wp.splashpiscinas.com\/demo-elementor\/exemplo10\/#local-main-organization-logo\"},\"image\":{\"@id\":\"https:\/\/wp.splashpiscinas.com\/demo-elementor\/exemplo10\/#local-main-organization-logo\"},\"openingHoursSpecification\":[{\"@type\":\"OpeningHoursSpecification\",\"dayOfWeek\":[\"Sunday\",\"Monday\",\"Tuesday\",\"Wednesday\",\"Thursday\",\"Friday\",\"Saturday\"],\"opens\":\"09:00\",\"closes\":\"17:00\"}]},{\"@type\":\"ImageObject\",\"inLanguage\":\"pt-BR\",\"@id\":\"https:\/\/wp.splashpiscinas.com\/demo-elementor\/exemplo10\/#local-main-organization-logo\",\"url\":\"https:\/\/lp.splashpiscinas.com\/assets\/uploads\/2022\/07\/LOGO-SPLASH-BY-iGUi-24-05-2022.png\",\"contentUrl\":\"https:\/\/lp.splashpiscinas.com\/assets\/uploads\/2022\/07\/LOGO-SPLASH-BY-iGUi-24-05-2022.png\",\"width\":3068,\"height\":2296,\"caption\":\"Demonstra\u00e7\u00e3o Elementor\"}]}<\/script>\n<!-- \/ Yoast SEO Premium plugin. -->","yoast_head_json":{"title":"Exemplo 10 - Demonstra\u00e7\u00e3o Elementor","robots":{"index":"index","follow":"follow","max-snippet":"max-snippet:-1","max-image-preview":"max-image-preview:large","max-video-preview":"max-video-preview:-1"},"canonical":"https:\/\/wp.splashpiscinas.com\/demo-elementor\/exemplo10\/","og_locale":"pt_BR","og_type":"article","og_title":"Exemplo 10","og_url":"https:\/\/wp.splashpiscinas.com\/demo-elementor\/exemplo10\/","og_site_name":"Demonstra\u00e7\u00e3o Elementor","article_modified_time":"2023-05-14T12:38:04+00:00","twitter_card":"summary_large_image","schema":{"@context":"https:\/\/schema.org","@graph":[{"@type":"WebPage","@id":"https:\/\/wp.splashpiscinas.com\/demo-elementor\/exemplo10\/","url":"https:\/\/wp.splashpiscinas.com\/demo-elementor\/exemplo10\/","name":"Exemplo 10 - Demonstra\u00e7\u00e3o Elementor","isPartOf":{"@id":"https:\/\/wp.splashpiscinas.com\/demo-elementor\/#website"},"datePublished":"2022-11-24T11:27:20+00:00","dateModified":"2023-05-14T12:38:04+00:00","breadcrumb":{"@id":"https:\/\/wp.splashpiscinas.com\/demo-elementor\/exemplo10\/#breadcrumb"},"inLanguage":"pt-BR","potentialAction":[{"@type":"ReadAction","target":["https:\/\/wp.splashpiscinas.com\/demo-elementor\/exemplo10\/"]}]},{"@type":"BreadcrumbList","@id":"https:\/\/wp.splashpiscinas.com\/demo-elementor\/exemplo10\/#breadcrumb","itemListElement":[{"@type":"ListItem","position":1,"name":"In\u00edcio","item":"https:\/\/wp.splashpiscinas.com\/demo-elementor\/"},{"@type":"ListItem","position":2,"name":"Exemplo 10"}]},{"@type":"WebSite","@id":"https:\/\/wp.splashpiscinas.com\/demo-elementor\/#website","url":"https:\/\/wp.splashpiscinas.com\/demo-elementor\/","name":"Demonstra\u00e7\u00e3o Elementor","description":"S\u00f3 mais um site Splash Piscinas LPs Sites","publisher":{"@id":"https:\/\/wp.splashpiscinas.com\/demo-elementor\/#organization"},"potentialAction":[{"@type":"SearchAction","target":{"@type":"EntryPoint","urlTemplate":"https:\/\/wp.splashpiscinas.com\/demo-elementor\/?s={search_term_string}"},"query-input":"required name=search_term_string"}],"inLanguage":"pt-BR"},{"@type":["Organization","Place"],"@id":"https:\/\/wp.splashpiscinas.com\/demo-elementor\/#organization","name":"Demonstra\u00e7\u00e3o Elementor","url":"https:\/\/wp.splashpiscinas.com\/demo-elementor\/","logo":{"@id":"https:\/\/wp.splashpiscinas.com\/demo-elementor\/exemplo10\/#local-main-organization-logo"},"image":{"@id":"https:\/\/wp.splashpiscinas.com\/demo-elementor\/exemplo10\/#local-main-organization-logo"},"openingHoursSpecification":[{"@type":"OpeningHoursSpecification","dayOfWeek":["Sunday","Monday","Tuesday","Wednesday","Thursday","Friday","Saturday"],"opens":"09:00","closes":"17:00"}]},{"@type":"ImageObject","inLanguage":"pt-BR","@id":"https:\/\/wp.splashpiscinas.com\/demo-elementor\/exemplo10\/#local-main-organization-logo","url":"https:\/\/lp.splashpiscinas.com\/assets\/uploads\/2022\/07\/LOGO-SPLASH-BY-iGUi-24-05-2022.png","contentUrl":"https:\/\/lp.splashpiscinas.com\/assets\/uploads\/2022\/07\/LOGO-SPLASH-BY-iGUi-24-05-2022.png","width":3068,"height":2296,"caption":"Demonstra\u00e7\u00e3o Elementor"}]}},"_links":{"self":[{"href":"https:\/\/wp.splashpiscinas.com\/demo-elementor\/wp-json\/wp\/v2\/pages\/2394"}],"collection":[{"href":"https:\/\/wp.splashpiscinas.com\/demo-elementor\/wp-json\/wp\/v2\/pages"}],"about":[{"href":"https:\/\/wp.splashpiscinas.com\/demo-elementor\/wp-json\/wp\/v2\/types\/page"}],"author":[{"embeddable":true,"href":"https:\/\/wp.splashpiscinas.com\/demo-elementor\/wp-json\/wp\/v2\/users\/587"}],"replies":[{"embeddable":true,"href":"https:\/\/wp.splashpiscinas.com\/demo-elementor\/wp-json\/wp\/v2\/comments?post=2394"}],"version-history":[{"count":7,"href":"https:\/\/wp.splashpiscinas.com\/demo-elementor\/wp-json\/wp\/v2\/pages\/2394\/revisions"}],"predecessor-version":[{"id":4581,"href":"https:\/\/wp.splashpiscinas.com\/demo-elementor\/wp-json\/wp\/v2\/pages\/2394\/revisions\/4581"}],"wp:attachment":[{"href":"https:\/\/wp.splashpiscinas.com\/demo-elementor\/wp-json\/wp\/v2\/media?parent=2394"}],"curies":[{"name":"wp","href":"https:\/\/api.w.org\/{rel}","templated":true}]}}